{"id":3,"date":"2020-05-27T23:31:02","date_gmt":"2020-05-27T21:31:02","guid":{"rendered":"http:\/\/con-labour.at\/?page_id=3"},"modified":"2020-07-13T23:50:58","modified_gmt":"2020-07-13T21:50:58","slug":"datenschutzerklaerung","status":"publish","type":"page","link":"https:\/\/con-labour.at\/en\/datenschutzerklaerung\/","title":{"rendered":"Datenschutzerkl\u00e4rung"},"content":{"rendered":"\n<p>In folgender Datenschutzerkl\u00e4rung informieren wir Sie \u00fcber die wichtigsten Aspekte der Datenverarbeitung beim Besuch unserer Website. Wir f\u00fchlen uns den Grunds\u00e4tzen der Datensparsamkeit und des Datenschutzes verpflichtet. Wir erheben und verarbeiten (personenbezogene) Daten selbstverst\u00e4ndlich nur auf Grundlage der gesetzlichen Bestimmungen (Datenschutzgrundverordnung, Telekommunikationsgesetz 2003).<\/p>\n\n\n\n<h2>Wer wir sind<\/h2>\n\n\n\n<p><https: con-labour.at=\"\">Unsere administrativen Ansprechpartner*innen finden Sie im <a rel=\"noreferrer noopener\" href=\"https:\/\/con-labour.at\/impressum\/\" target=\"_blank\">Impressum<\/a>.<\/https:><\/p>\n\n\n\n<p>Den <a rel=\"noreferrer noopener\" href=\"https:\/\/dsba.univie.ac.at\/\" target=\"_blank\">Datenschutzbeauftragten der Universit\u00e4t Wien<\/a> erreichen Sie unter:<br>E-Mail: dsba@univie.ac.at<br>Telefon: 0043-1-4277-11000<\/p>\n\n\n\n<h2>Wie wir unsere Website verschl\u00fcsseln<\/h2>\n\n\n\n<p>F\u00fcr unsere Website verwenden wir https, um Daten abh\u00f6rsicher im Internet zu \u00fcbertragen (Datenschutz durch Technikgestaltung <a rel=\"noreferrer noopener\" href=\"https:\/\/eur-lex.europa.eu\/legal-content\/DE\/TXT\/HTML\/?uri=CELEX:32016R0679&#038;from=DE&#038;tid=211130335\" target=\"_blank\">Artikel 25 Absatz 1 DSGVO<\/a>). Durch den Einsatz von TLS (Transport Layer Security), einem Verschl\u00fcsselungsprotokoll zur sicheren Daten\u00fcbertragung im Internet, k\u00f6nnen wir den Schutz vertraulicher Daten sicherstellen. Sie erkennen die Benutzung dieser Absicherung der Daten\u00fcbertragung am kleinen Schlosssymbol links oben im Browser und der Verwendung des Schemas https (anstatt http) als Teil unserer Internetadresse.<\/p>\n\n\n\n<h2>Welche Daten wir sammeln und warum wir sie sammeln<\/h2>\n\n\n\n<h3>Server-Log Files<\/h3>\n\n\n\n<p>Unsere Website und der damit verbundene Provider erhebt im Zuge der Websitenutzung automatisch Informationen im Rahmen so genannter \u201eServer-Log Files\u201c. Dies ist technisch bedingt und stellt somit ein berechtigtes Interesse iSv Art 6 Abs 1 lit f DSGVO dar. Dies betrifft insbesondere:<\/p>\n\n\n\n<ul><li>IP-Adresse oder Hostname<\/li><li>den verwendeten Browser<\/li><li>Aufenthaltsdauer auf der Webseite sowie Datum und Uhrzeit<\/li><li>aufgerufene Seiten der Webseite<\/li><li>Spracheinstellungen und Betriebssystem<\/li><li>\u201eLeaving-Page\u201c (auf welcher URL hat der Benutzer die Webseite verlassen)<\/li><li>ISP (Internet Service Provider)<\/li><\/ul>\n\n\n\n<p>Diese erhobenen Informationen werden nicht personenbezogen verarbeitet oder mit personenbezogenen Daten in Verbindung gebracht.<\/p>\n\n\n\n<p>Wir behalten uns vor, im Falle des Bekanntwerdens rechtswidriger T\u00e4tigkeiten, diese Daten auszuwerten oder zu \u00fcberpr\u00fcfen.<\/p>\n\n\n\n<h3>Cookies<\/h3>\n\n\n\n<p>Unsere Website selbst verwendet keine so genannten Cookies. Beim Aufrufen von ausgew\u00e4hlten eingebetteten Inhalten (siehe unten) k\u00f6nnen allerdings von den Anbietern dieser Inhalte Cookies verwendet werden. Dabei handelt es sich um kleine Textdateien, die mit Hilfe des Browsers auf Ihrem Endger\u00e4t abgelegt werden. Sie richten keinen Schaden an. Cookies dienen oft dazu, die Nutzerfreundlichkeit zu erh\u00f6hen. Einige Cookies bleiben auf Ihrem Endger\u00e4t gespeichert, bis Sie diese l\u00f6schen. Sie erm\u00f6glichen es den Cookie-Urhebern, Ihren Browser beim n\u00e4chsten Besuch wiederzuerkennen. Wenn Sie dies nicht w\u00fcnschen, so k\u00f6nnen Sie Ihren Browser so einrichten, dass er Sie \u00fcber das Setzen von Cookies informiert und Sie dies nur im Einzelfall erlauben. Bei der Deaktivierung von Cookies kann die Funktionalit\u00e4t der eingebetteten Inhalte eingeschr\u00e4nkt sein.<\/p>\n\n\n\n<h2>YouTube und eingebettete Inhalte von anderen Websites <\/h2>\n\n\n\n<p>Beitr\u00e4ge auf unserer Website k\u00f6nnen eingebettete Inhalte von anderen Websites beinhalten, insbesondere YouTube-Videos. Eingebettete Inhalte von anderen Websites verhalten sich exakt so, als ob der Besucher die andere Website besucht h\u00e4tte. Diese andere Website kann Daten \u00fcber Sie sammeln, Cookies benutzen, zus\u00e4tzliche Tracking-Dienste von Dritten einbetten und Ihre Interaktion mit diesem eingebetteten Inhalt aufzeichnen. Falls Sie ein Konto auf dieser anderen Website haben und dort angemeldet sind, k\u00f6nnen von der anderen Website weitere Verkn\u00fcpfungen und Daten gesammelt werden.<\/p>\n\n\n\n<h3>YouTube-Videos<\/h3>\n\n\n\n<p>Wir haben auf unserer Website YouTube-Videos eingebaut. So k\u00f6nnen wir Ihnen interessante Videos direkt \u00fcber unsere Website pr\u00e4sentieren. YouTube ist ein Videoportal, das seit 2006 eine Tochterfirma von Google ist. Betrieben wird das Videoportal durch YouTube, LLC, 901 Cherry Ave., San Bruno, CA 94066, USA.<\/p>\n\n\n\n<p>Technisch haben wir das so gel\u00f6st, dass Ihnen beim Aufruf einer entsprechenden Webseite unter unserer Domain nur ein Standbild und ein Hinweis auf diese Datenschutzerkl\u00e4rung angezeigt wird. Erst wenn Sie auf das YouTube-Video klicken, verbindet sich Ihr Browser automatisch mit den Servern von YouTube bzw. Google. Dabei werden (je nach Einstellungen) verschiedene Daten \u00fcbertragen und Cookies gesetzt. <\/p>\n\n\n\n<p>Im Folgenden wollen wir Ihnen genauer erkl\u00e4ren, welche Daten verarbeitet werden, warum wir YouTube-Videos eingebunden haben und wie Sie Ihre Daten verwalten oder l\u00f6schen k\u00f6nnen. Dies ist ein Service unsererseits, f\u00fcr den wir keine Haftung \u00fcbernehmen. Bitte informieren Sie sich bei Bedarf direkt bei <a rel=\"noreferrer noopener\" href=\"https:\/\/www.youtube.com\" target=\"_blank\">YouTube<\/a> \u00fcber deren Datenverarbeitung.<\/p>\n\n\n\n<h3>Warum verwenden wir YouTube-Videos auf unserer Website?<\/h3>\n\n\n\n<p>Wir sind bem\u00fcht, Ihnen die bestm\u00f6gliche User-Erfahrung auf unserer Website zu bieten. Und nat\u00fcrlich d\u00fcrfen interessante Videos dabei nicht fehlen. Mithilfe unserer eingebetteten Videos stellen wir Ihnen neben unseren Texten und Bildern weiteren hilfreichen Content zur Verf\u00fcgung. Zudem wird unsere Webseite auf der Google-Suchmaschine durch die eingebetteten Videos leichter gefunden.<\/p>\n\n\n\n<h3>Welche Daten werden von YouTube gespeichert?<\/h3>\n\n\n\n<p>Sobald Sie auf ein YouTube-Video klicken, setzt YouTube zumindest ein Cookie, das Ihre IP-Adresse und unsere URL speichert. Wenn Sie in Ihrem YouTube-Konto eingeloggt sind, kann YouTube Ihre Interaktionen auf unserer Webseite meist mithilfe von Cookies Ihrem Profil zuordnen. Dazu z\u00e4hlen Daten wie Sitzungsdauer, Absprungrate, ungef\u00e4hrer Standort, technische Informationen wie Browsertyp, Bildschirmaufl\u00f6sung oder Ihr Internetanbieter. Weitere Daten k\u00f6nnen Kontaktdaten, etwaige Bewertungen, das Teilen von Inhalten \u00fcber Social Media oder das Hinzuf\u00fcgen zu Ihren Favoriten auf YouTube sein.<\/p>\n\n\n\n<p>Wenn Sie nicht in einem Google-Konto oder einem Youtube-Konto angemeldet sind, speichert Google Daten mit einer eindeutigen Kennung, die mit Ihrem Ger\u00e4t, Browser oder App verkn\u00fcpft sind. So bleibt beispielsweise Ihre bevorzugte Spracheinstellung beibehalten. Aber viele Interaktionsdaten k\u00f6nnen nicht gespeichert werden, da weniger Cookies gesetzt werden.<\/p>\n\n\n\n<h3>Wie lange und wo werden die Daten gespeichert?<\/h3>\n\n\n\n<p>Die Daten, die YouTube von Ihnen erh\u00e4lt und verarbeitet, werden auf den Google-Servern gespeichert. Die meisten dieser Server befinden sich in Amerika. Unter <a href=\"https:\/\/www.google.com\/about\/datacenters\/inside\/locations\/?hl=de\" target=\"_blank\" rel=\"noreferrer noopener\">https:\/\/www.google.com\/about\/datacenters\/inside\/locations\/?hl=de<\/a> &nbsp;sehen Sie genau, wo sich die Google-Rechenzentren befinden. Ihre Daten sind auf den Servern verteilt. So sind die Daten schneller abrufbar und vor Manipulation besser gesch\u00fctzt.<\/p>\n\n\n\n<p>Die erhobenen Daten speichert Google unterschiedlich lange. Manche Daten k\u00f6nnen Sie jederzeit l\u00f6schen, andere werden automatisch nach einer begrenzten Zeit gel\u00f6scht und wieder andere werden von Google \u00fcber l\u00e4ngere Zeit gespeichert. Einige Daten (wie Elemente aus \u201eMeine Aktivit\u00e4t\u201c, Fotos oder Dokumente, Produkte), die in Ihrem Google-Konto gespeichert sind, bleiben so lange gespeichert, bis Sie sie l\u00f6schen. Auch wenn Sie nicht in einem Google-Konto angemeldet sind, k\u00f6nnen Sie einige Daten, die mit Ihrem Ger\u00e4t, Browser oder App verkn\u00fcpft sind, l\u00f6schen.<\/p>\n\n\n\n<h3>Wie kann ich meine Daten l\u00f6schen bzw. die Datenspeicherung verhindern?<\/h3>\n\n\n\n<p>Grunds\u00e4tzlich k\u00f6nnen Sie Daten im Google Konto manuell l\u00f6schen. Mit der 2019 eingef\u00fchrten automatischen L\u00f6schfunktion von Standort- und Aktivit\u00e4tsdaten werden Informationen abh\u00e4ngig von Ihrer Entscheidung \u2013 entweder 3 oder 18 Monate gespeichert und dann gel\u00f6scht.<\/p>\n\n\n\n<p>Unabh\u00e4ngig, ob Sie ein Google-Konto haben oder nicht, k\u00f6nnen Sie Ihren Browser so konfigurieren, dass Cookies von Google gel\u00f6scht bzw. deaktiviert werden. Je nachdem welchen Browser Sie verwenden, funktioniert dies auf unterschiedliche Art und Weise. Die folgenden Anleitungen zeigen, wie Sie Cookies in Ihrem Browser verwalten:<\/p>\n\n\n\n<p><a href=\"https:\/\/support.google.com\/chrome\/answer\/95647?tid=211130335\" target=\"_blank\" rel=\"noreferrer noopener\">Chrome: Cookies in Chrome l\u00f6schen, aktivieren und verwalten<\/a><\/p>\n\n\n\n<p><a href=\"https:\/\/support.apple.com\/de-at\/guide\/safari\/sfri11471\/mac?tid=211130335\" target=\"_blank\" rel=\"noreferrer noopener\">Safari: Verwalten von Cookies und Websitedaten mit Safari<\/a><\/p>\n\n\n\n<p><a href=\"https:\/\/support.mozilla.org\/de\/kb\/cookies-und-website-daten-in-firefox-loschen?tid=211130335\" target=\"_blank\" rel=\"noreferrer noopener\">Firefox: Cookies l\u00f6schen, um Daten zu entfernen, die Websites auf Ihrem Computer abgelegt haben<\/a><\/p>\n\n\n\n<p><a href=\"https:\/\/support.microsoft.com\/de-at\/help\/17442\/windows-internet-explorer-delete-manage-cookies?tid=211130335\" target=\"_blank\" rel=\"noreferrer noopener\">Internet Explorer: L\u00f6schen und Verwalten von Cookies<\/a><\/p>\n\n\n\n<p><a href=\"https:\/\/support.microsoft.com\/de-at\/help\/4027947\/windows-delete-cookies?tid=211130335\" target=\"_blank\" rel=\"noreferrer noopener\">Microsoft Edge: L\u00f6schen und Verwalten von Cookies<\/a><\/p>\n\n\n\n<p>Falls Sie grunds\u00e4tzlich keine Cookies haben wollen, k\u00f6nnen Sie Ihren Browser so einrichten, dass er Sie immer informiert, wenn ein Cookie gesetzt werden soll. So k\u00f6nnen Sie bei jedem einzelnen Cookie entscheiden, ob Sie es erlauben oder nicht. Da YouTube ein Tochterunternehmen von Google ist, gibt es eine gemeinsame Datenschutzerkl\u00e4rung. Wenn Sie mehr \u00fcber den Umgang mit Ihren Daten erfahren wollen, empfehlen wir Ihnen die Datenschutzerkl\u00e4rung unter <a href=\"https:\/\/policies.google.com\/privacy?hl=de\" target=\"_blank\" rel=\"noreferrer noopener\">https:\/\/policies.google.com\/privacy?hl=de.<\/a><\/p>\n\n\n\n<h2>Welche Rechte du an deinen Daten hast<\/h2>\n\n\n\n<p>Sie als Betroffener haben bez\u00fcglich Ihrer Daten, welche bei uns gespeichert sind, grunds\u00e4tzlich ein Recht auf:<\/p>\n\n\n\n<ul><li>Auskunft<\/li><li>L\u00f6schung der Daten<\/li><li>Berichtigung der Daten<\/li><li>\u00dcbertragbarkeit der Daten<\/li><li>Wiederruf und Widerspruch zur Datenverarbeitung<\/li><li>Einschr\u00e4nkung<\/li><\/ul>\n\n\n\n<p>Wenn Sie glauben, dass die Verarbeitung Ihrer Daten gegen das Datenschutzrecht verst\u00f6\u00dft oder Ihre datenschutzrechtlichen Anspr\u00fcche sonst in einer Weise verletzt worden sind, k\u00f6nnen Sie sich bei uns unter den angegebenen Kontaktdaten oder bei der zust\u00e4ndigen <a rel=\"noreferrer noopener\" href=\"https:\/\/www.dsb.gv.at\/\" target=\"_blank\">Datenschutzbeh\u00f6rde in \u00d6sterreich<\/a> beschweren.<\/p>\n\n\n\n<h2>Weitere Informationen<\/h2>\n\n\n\n<p>Unsere Datenschutzerkl\u00e4rung wurde erstellt mit Hilfe von Textbausteinen von WordPress sowie den Datenschutz-Generatoren von <a rel=\"noreferrer noopener\" href=\"https:\/\/advolist.at\/kostenlos-datenschutzerklaerung-erstellen-generator\" target=\"_blank\">Rechtsanwalt finden &#8211; Advolist<\/a> und <a rel=\"noreferrer noopener\" href=\"https:\/\/www.firmenwebseiten.at\/datenschutz-generator\/\" target=\"_blank\">FirmenWebseiten.at<\/a>.<\/p>\n","protected":false},"excerpt":{"rendered":"<p>In folgender Datenschutzerkl\u00e4rung informieren wir Sie \u00fcber die wichtigsten Aspekte der Datenverarbeitung beim Besuch unserer Website. Wir f\u00fchlen uns den Grunds\u00e4tzen der Datensparsamkeit und des Datenschutzes verpflichtet. Wir erheben und verarbeiten (personenbezogene) Daten selbstverst\u00e4ndlich nur auf Grundlage der gesetzlichen Bestimmungen (Datenschutzgrundverordnung, Telekommunikationsgesetz 2003). Wer wir sind Unsere administrativen Ansprechpartner*innen finden Sie im Impressum. Den Datenschutzbeauftragten [&hellip;]<\/p>\n","protected":false},"author":1,"featured_media":0,"parent":0,"menu_order":7,"comment_status":"closed","ping_status":"open","template":"","meta":[],"acf":[],"_links":{"self":[{"href":"https:\/\/con-labour.at\/en\/wp-json\/wp\/v2\/pages\/3"}],"collection":[{"href":"https:\/\/con-labour.at\/en\/wp-json\/wp\/v2\/pages"}],"about":[{"href":"https:\/\/con-labour.at\/en\/wp-json\/wp\/v2\/types\/page"}],"author":[{"embeddable":true,"href":"https:\/\/con-labour.at\/en\/wp-json\/wp\/v2\/users\/1"}],"replies":[{"embeddable":true,"href":"https:\/\/con-labour.at\/en\/wp-json\/wp\/v2\/comments?post=3"}],"version-history":[{"count":10,"href":"https:\/\/con-labour.at\/en\/wp-json\/wp\/v2\/pages\/3\/revisions"}],"predecessor-version":[{"id":369,"href":"https:\/\/con-labour.at\/en\/wp-json\/wp\/v2\/pages\/3\/revisions\/369"}],"wp:attachment":[{"href":"https:\/\/con-labour.at\/en\/wp-json\/wp\/v2\/media?parent=3"}],"curies":[{"name":"wp","href":"https:\/\/api.w.org\/{rel}","templated":true}]}}