{"id":38,"date":"2020-06-15T10:14:32","date_gmt":"2020-06-15T08:14:32","guid":{"rendered":"https:\/\/con-labour.at\/?page_id=38"},"modified":"2023-01-12T21:48:37","modified_gmt":"2023-01-12T20:48:37","slug":"publikationen-und-wissenstransfer","status":"publish","type":"page","link":"https:\/\/con-labour.at\/en\/home\/publikationen-und-wissenstransfer\/","title":{"rendered":"Publications and Public Outreach"},"content":{"rendered":"\n<h2>Scientific Publications<\/h2>\n\n\n\n<p><strong>Brand, Ulrich<\/strong> (2019). In der Wachstumsfalle: Die Gewerkschaften und der Klimawandel. In: <a rel=\"noreferrer noopener\" href=\"https:\/\/www.blaetter.de\/ausgabe\/2019\/juli\/in-der-wachstumsfalle\" target=\"_blank\"><em>Bl\u00e4tter f\u00fcr deutsche und internationale Politik<\/em><\/a>, no. 7, pp. 79\u201388.<\/p>\n\n\n\n<p><strong>Brand, Ulrich \/ Pichler, Melanie \/ Maneka, Danyal \/ H\u00f6gelsberger, Heinz \/ Krenmayr, Nora \/ Schicketanz, Enrico \/ Wissen, Markus<\/strong> (2020). <em>Social-Ecological Transformation: Industrial Conversion and the Role of Labour \u2013 Sozial-\u00f6kologische Transformation: Industrielle Konversion und die Rolle der Gewerkschaften und Besch\u00e4ftigten<\/em>. <a rel=\"noreferrer noopener\" href=\"https:\/\/con-labour.at\/wp-content\/uploads\/2023\/01\/Endbericht-publiziert_B76968-ACRP10-CON-LABOUR-KR17AC0K13759-EB.pdf\" target=\"_blank\">Final Report of the Research Project CON-LABOUR<\/a>. Wien: Klima- und Energiefonds.<\/p>\n\n\n\n<p><strong>Haas, Tobias \/ Wissen, Markus<\/strong> (2020). Automobiler Konsens am Ende? Wie die Linke bestehende Risse vertiefen k\u00f6nnte. In: <a rel=\"noreferrer noopener\" href=\"https:\/\/web.archive.org\/web\/20201028195309\/https:\/\/www.zeitschrift-luxemburg.de\/automobiler-konsens-am-ende-wie-die-linke-bestehende-risse-vertiefen-koennte\/\" target=\"_blank\"><em>LuXemburg \u2013 Gesellschaftsanalyse und linke Praxis<\/em><\/a>, no. 1, pp. 34\u201341.<\/p>\n\n\n\n<p><strong>H\u00f6gelsberger, Heinz<\/strong> (2020). <em>Die dubiose Filetierung von Steyr-Daimler-Puch<\/em>. <a rel=\"noreferrer noopener\" href=\"https:\/\/con-labour.at\/wp-content\/uploads\/2020\/07\/Filetierung-von-Steyr-Daimler-Puch.pdf\" target=\"_blank\">Working Paper<\/a>.<\/p>\n\n\n\n<p><strong>H\u00f6gelsberger, Heinz \/ Maneka, Danyal<\/strong> (2020). Konversion der \u00f6sterreichischen Auto(zuliefer)industrie? Perspektiven f\u00fcr einen sozial-\u00f6kologischen Umbau. In: Achim Brunnengr\u00e4ber \/ Tobias Haas (Hg.), <a rel=\"noreferrer noopener\" href=\"https:\/\/www.transcript-verlag.de\/978-3-8376-5165-2\/baustelle-elektromobilitaet\/\" target=\"_blank\"><em>Baustelle Elektromobilit\u00e4t. Sozialwissenschaftliche Perspektiven auf die Transformation der (Auto-)Mobilit\u00e4t<\/em><\/a>, Bielefeld: transcript, pp. 409\u2013439.<\/p>\n\n\n\n<p><strong>Krenmayr, Nora \/ Maneka, Danyal \/ Pichler, Melanie \/ Brand, Ulrich \/ H\u00f6gelsberger, Heinz \/ Wissen, Markus <\/strong>(2020). Industriepolitik zwischen \u00f6kologischer Modernisierung und Transformation \u2013 Das Beispiel der \u00f6sterreichischen Autoindustrie. In: <a href=\"http:\/\/www.beigewum.at\/kurswechsel\/jahresprogramm-2020\/\"><em>Kurswechsel<\/em><\/a>, no. 4, pp. 62\u201374. <\/p>\n\n\n\n<p><strong>Krenmayr, Nora \/ Wawerda, Esther<\/strong> (2020). <em>Cars for Future? Zukunftsvorstellungen \u00fcber (Auto)Mobilit\u00e4t von Seiten technikwissenschaftlicher Akteur*innen.<\/em> Wien: BOKU (= <a rel=\"noreferrer noopener\" href=\"https:\/\/boku.ac.at\/fileadmin\/data\/H03000\/H73000\/H73700\/Publikationen\/Working_Papers\/WP185_web.pdf\" target=\"_blank\">Social Ecology Working Paper 185<\/a>).<\/p>\n\n\n\n<p><strong>Pichler, Melanie \/ Krenmayr, Nora \/ Schneider, Etienne \/ Brand, Ulrich<\/strong> (2021). EU industrial policy: Between modernization and transformation of the automotive industry. In: <em><a href=\"https:\/\/www.sciencedirect.com\/science\/article\/pii\/S2210422420301441\" target=\"_blank\" rel=\"noreferrer noopener\">Environmental Innovation and Societal Transitions<\/a><\/em>, vol. 38, pp. 140-152.<\/p>\n\n\n\n<p><strong>Pichler, Melanie<\/strong> \/ <strong>Krenmayr, Nora \/ Maneka, Danyal \/ Brand, Ulrich \/ H\u00f6gelsberger, Heinz \/ Wissen, Markus <\/strong>(2021). Beyond the jobs-versus-environment dilemma? Contested social-ecological transformations in the automotive industry. In: <a rel=\"noreferrer noopener\" href=\"https:\/\/www.sciencedirect.com\/science\/article\/pii\/S2214629621002735?via%3Dihub\" target=\"_blank\"><em>Energy Research &#038; Social Science<\/em><\/a>, vol. 79, 102180.<\/p>\n\n\n\n<p><strong>Schicketanz, Enrico<\/strong> (2020). <em>Wie sozial-\u00f6kologische Transformation der Wirtschaft gelingen kann \u2013 eine Typologie<\/em>. Working Paper for <a rel=\"noreferrer noopener\" href=\"https:\/\/www.momentum-kongress.org\/kongress\/momentum2020-republik#beitraege\" target=\"_blank\">Momentum2020: Republik<\/a>.<\/p>\n\n\n\n<p><strong>Wissen, Markus<\/strong> (2019a). Der sozial-\u00f6kologische Umbau als Demokratiefrage. In: <a rel=\"noreferrer noopener\" href=\"https:\/\/doi.org\/10.32387\/prokla.v49i196.1838\" target=\"_blank\"><em>PROKLA \u2013 Zeitschrift f\u00fcr kritische Sozialwissenschaft<\/em><\/a>, vol. 49, no. 196, pp. 477\u2013486.<\/p>\n\n\n\n<p><strong>Wissen, Markus<\/strong> (2019b). Kommodifizierte Kollektivit\u00e4t: Die Transformation von Mobilit\u00e4t aus einer Polanyi\u2019schen Perspektive. In: Klaus D\u00f6rre \/ Hartmut Rosa \/ Karina Becker \/ Sophie Bose \/ Benjamin Seyd (eds.), <a rel=\"noreferrer noopener\" href=\"https:\/\/link.springer.com\/chapter\/10.1007\/978-3-658-25947-1_12\" target=\"_blank\"><em>Gro\u00dfe Transformation? Zur Zukunft moderner Gesellschaften<\/em><\/a>, Wiesbaden: Springer VS, pp. 231\u2013244.<\/p>\n\n\n\n<p><strong>Wissen, Markus<\/strong> (2020). Klimakrise und Klassenkampf: Zum Verh\u00e4ltnis von \u00f6kologischen und sozialen Konflikten. In: <a rel=\"noreferrer noopener\" href=\"https:\/\/doi.org\/10.32387\/prokla.v50i200.1900\" target=\"_blank\"><em>PROKLA \u2013 Zeitschrift f\u00fcr kritische Sozialwissenschaft<\/em><\/a>, vol. 50, no. 200, pp. 441\u2013464.<\/p>\n\n\n\n<p><strong>Wissen, Markus \/ Brand, Ulrich<\/strong> (2019). Working-class environmentalism und sozial-\u00f6kologische Transformation: Widerspr\u00fcche der imperialen Lebensweise. In: <a rel=\"noreferrer noopener\" href=\"https:\/\/www.wsi.de\/de\/wsi-mitteilungen-working-class-environmentalism-und-sozial-oekologische-transformation-widersprueche-der-11534.htm\" target=\"_blank\"><em>WSI-Mitteilungen<\/em><\/a>, vol. 72, no. 1, pp. 39\u201347.<\/p>\n\n\n\n<p><strong>Wissen, Markus \/ Pichler, Melanie \/ Maneka, Danyal \/ Krenmayr, Nora \/ H\u00f6gelsberger, Heinz \/ Brand, Ulrich<\/strong> (2020). Zwischen Modernisierung und sozial-\u00f6kologischer Konversion: Konflikte um die Zukunft der \u00f6sterreichischen Autoindustrie. In: Klaus D\u00f6rre \/ Madeleine Holzschuh \/ Jakob K\u00f6ster \/ Johanna Sittel (eds.), <a rel=\"noreferrer noopener\" href=\"https:\/\/www.campus.de\/buecher-campus-verlag\/wissenschaft\/soziologie\/abschied_von_kohle_und_auto-17184.html\" target=\"_blank\"><em>Abschied von Kohle und Auto? Sozial\u00f6kologische Transformationskonflikte um Energie und Mobilit\u00e4t<\/em><\/a>, Frankfurt am Main: Campus, pp. 223\u2013266. Manuscript Version as <a rel=\"noreferrer noopener\" href=\"https:\/\/con-labour.at\/wp-content\/uploads\/2021\/01\/Wissen-et-al2020_Campus-Buchbeitrag_final.pdf\" target=\"_blank\">PDF<\/a>.<\/p>\n\n\n\n<h2>Opinion Articles in the Media<\/h2>\n\n\n\n<p>Ulrich Brand \/ Heinz H\u00f6gelsberger &#8211; <a rel=\"noreferrer noopener\" href=\"https:\/\/www.derstandard.at\/story\/2000126740143\/man-steyr-vorwaerts-in-die-vergangenheit\" target=\"_blank\">MAN Steyr: Vorw\u00e4rts in die Vergangenheit?<\/a> (05\/2021)<\/p>\n\n\n\n<p>Heinz H\u00f6gelsberger &#8211; <a href=\"https:\/\/www.wienerzeitung.at\/meinung\/gastkommentare\/2098061-MAN-ein-Symbol-fuer-vergebene-Chancen.html\" target=\"_blank\" rel=\"noreferrer noopener\">MAN &#8211; ein Symbol f\u00fcr vergebene Chancen<\/a> (03\/2021)<\/p>\n\n\n\n<p>Danyal Maneka &#8211; <a rel=\"noreferrer noopener\" href=\"https:\/\/mosaik-blog.at\/man-steyr-jobs\/\" target=\"_blank\">Wie der Autokonzern MAN 2300 Jobs den Aktion\u00e4r*innen opfert<\/a> (09\/2020)<\/p>\n\n\n\n<p>Heinz H\u00f6gelsberger &#8211; <a href=\"https:\/\/www.wienerzeitung.at\/meinung\/gastkommentare\/2066980-Die-Pferde-wechseln-nicht-nur-das-Zaumzeug.html\" target=\"_blank\" rel=\"noreferrer noopener\">Die Pferde wechseln, nicht nur das Zaumzeug: F\u00fcr eine sozial-\u00f6kologische Wende nach der Corona-Krise<\/a> (07\/2020)<\/p>\n\n\n\n<p>Melanie Pichler &#8211; <a rel=\"noreferrer noopener\" href=\"https:\/\/mosaik-blog.at\/arbeit-klima-degrowth\/\" target=\"_blank\">Wie sich Arbeit ver\u00e4ndern muss, um das Klima zu retten<\/a><em><a rel=\"noreferrer noopener\" href=\"https:\/\/mosaik-blog.at\/arbeit-klima-degrowth\/\" target=\"_blank\"> <\/a><\/em>(06\/2020)<\/p>\n\n\n\n<p>Melanie Pichler &#8211; <a rel=\"noreferrer noopener\" href=\"https:\/\/tagebuch.at\/debatte\/kein-zurueck-zur-normalitaet\/\" target=\"_blank\">Kein Zur\u00fcck zur Normalit\u00e4t <\/a>(04\/2020)<\/p>\n\n\n\n<p>Heinz H\u00f6gelsberger \/ Ulrich Brand &#8211; <a rel=\"noreferrer noopener\" href=\"https:\/\/www.wienerzeitung.at\/meinung\/gastkommentare\/2057337-Staatshilfen-fuer-die-Luftfahrt-nur-unter-bestimmten-Bedingungen.html\" target=\"_blank\">Staatshilfen f\u00fcr die Luftfahrt nur unter bestimmten Bedingungen<\/a> (04\/2020)<\/p>\n\n\n\n<p>Ulrich Brand \/ Heinz H\u00f6gelsberger &#8211; <a rel=\"noreferrer noopener\" href=\"https:\/\/www.derstandard.at\/story\/2000115991988\/klimapolitik-nach-corona\" target=\"_blank\">Klimapolitik nach Corona<\/a> (03\/2020)<\/p>\n\n\n\n<p>Ulrich Brand &#8211; <a rel=\"noreferrer noopener\" href=\"https:\/\/socialistproject.ca\/2020\/01\/ways-out-of-the-growth-trap\/#more\" target=\"_blank\">Ways out of the Growth Trap: Trade Unions, Climate Crisis and the &#8220;Ecology of Work&#8221;<\/a> (01\/2020)<\/p>\n\n\n\n<p>Ulrich Brand \/ Heinz H\u00f6gelsberger &#8211; <a rel=\"noreferrer noopener\" href=\"https:\/\/www.derstandard.at\/story\/2000092954806\/befreit-die-staedte-von-den-autos\" target=\"_blank\">Befreit die St\u00e4dte von den Autos!<\/a> (12\/2019)<\/p>\n\n\n\n<p>Ulrich Brand &#8211; <a rel=\"noreferrer noopener\" href=\"http:\/\/www.times-media.de\/download\/70Jahre_DGB.pdf\" target=\"_blank\">Das \u00f6kologische Dilemma. 70 Jahre Deutscher Gewerkschaftsbund<\/a> (2019)<\/p>\n\n\n\n<p>Heinz H\u00f6gelsberger im <a rel=\"noreferrer noopener\" href=\"https:\/\/awblog.at\/author\/heinzhoegelsberger\/\" target=\"_blank\">Arbeit&#038;Wirtschaft Blog<\/a><\/p>\n\n\n\n<p>Ulrich Brand im <a rel=\"noreferrer noopener\" href=\"https:\/\/awblog.at\/author\/ulrich-brand\/\" target=\"_blank\">Arbeit&#038;Wirtschaft Blog<\/a><\/p>\n\n\n\n<h2>Media Response<\/h2>\n\n\n\n<p>Der Standard Videodebatte mit Ulrich Brand &#8211; <a href=\"https:\/\/www.derstandard.at\/story\/2000130896971\/sozialstaat-klimaschutz-kapitalismus-kann-oesterreich-zeigen-wie-das-zusammengeht\">Wie wird der Klimaschutz die Welt von morgen aussehen lassen?<\/a> (11\/2021)<\/p>\n\n\n\n<p>Junge Welt &#8211; <a href=\"https:\/\/www.jungewelt.de\/beilage\/art\/408552\">Autoindustrie. Am Tropf der Aktion\u00e4re<\/a> (11\/2021)<\/p>\n\n\n\n<p>Science ORF &#8211; <a href=\"https:\/\/science.orf.at\/stories\/3209701\/?fbclid=IwAR1sEPo5b1VxikJvQ35M14MAxl3o1KPCA0u-VhKzeH2p4gME3u2hZqB00wI\">Warum E-Autos nicht die L\u00f6sung sind<\/a> (11\/2021)<\/p>\n\n\n\n<p>Radio Helsinki &#8211; <a href=\"https:\/\/cba.fro.at\/501563\">Gr\u00fcner Stahl und E-Autos: Industriepolitik f\u00fcr Klima und Menschen?<\/a> (05\/2021)<\/p>\n\n\n\n<p>Falter &#8211; <a href=\"https:\/\/www.falter.at\/zeitung\/20210414\/wo-gehts-hier-in-richtung-zukunft\/_04853e551a\">Wo geht&#8217;s hier in Richtung Zukunft? Der Kampf um das MAN-Werk in Steyr<\/a> (05\/2021)<\/p>\n\n\n\n<p>Wissenschaft &#038; Politik &#8211; Interview mit Ulrich Brand <a href=\"https:\/\/www.wissenschaftundpolitik.at\/2021\/03\/29\/umbau-der-autoindustrie-arbeitsplaetze-vs-umwelt\/\">Umbau der Autoindustrie: Arbeitspl\u00e4tze vs. Umwelt?<\/a> (03\/2021)<\/p>\n\n\n\n<p>Kompetenz \u2013 Interview mit Ulrich Brand <a href=\"https:\/\/kompetenz-online.at\/2021\/02\/11\/arbeitsplaetze-und-klimaschutz-ein-widerspruch\/\">Arbeitspl\u00e4tze und Klimaschutz \u2013 ein Widerspruch?<\/a> (02\/2021)<\/p>\n\n\n\n<p>Tagebuch \u2013 <a href=\"https:\/\/tagebuch.at\/politik\/am-scheideweg\/\">Am Scheideweg<\/a> (02\/2021)<\/p>\n\n\n\n<p>Die Presse \u2013 <a href=\"https:\/\/www.diepresse.com\/5904045\/dieselmotoren-herstellen-aber-mit-dem-radl-fahren\">Dieselmotoren herstellen, aber mit dem Radl fahren<\/a> (12\/2020)<\/p>\n\n\n\n<p>Standpunkt &#8211; Interview mit Danyal Maneka <a href=\"https:\/\/standpunkt.podigee.io\/7-automobilindustrie\">Mit Vollgas in die Krise &#8211; Ist die Autoindustrie am Ende?<\/a> (11\/2020)<\/p>\n\n\n\n<p>Wiener Zeitung \u2013<a href=\"https:\/\/www.wienerzeitung.at\/nachrichten\/wirtschaft\/oesterreich\/2076511-Steyr-will-kein-Detroit-werden.html\"> Steyr will kein Detroit werden<\/a> (09\/2020)<\/p>\n\n\n\n<p>Anschl\u00e4ge \u2013 Interview mit Melanie Pichler <a rel=\"noreferrer noopener\" href=\"https:\/\/anschlaege.at\/gruenes-wachstum-gibt-es-nicht\/\" target=\"_blank\">Gr\u00fcnes Wachstum gibt es nicht <\/a>(06\/2020)<\/p>\n\n\n\n<p>APA \u2013 Offener Brief: <a rel=\"noreferrer noopener\" href=\"https:\/\/www.ots.at\/presseaussendung\/OTS_20200529_OTS0006\/offener-brief-wirtschafts-und-umweltfachleute-warnen-vor-der-verschrottungspraemie-anhang\" target=\"_blank\">Wirtschafts- und Umweltfachleute warnen vor der Verschrottungspr\u00e4mie<\/a> (05\/2020)<\/p>\n\n\n\n<p>Salzburger Nachrichten \u2013<a rel=\"noreferrer noopener\" href=\"https:\/\/www.sn.at\/wirtschaft\/oesterreich\/kritik-von-global2000-wwf-und-vcoe-an-verschrottungspraemie-88196425\" target=\"_blank\"> Kritik von Global2000, WWF und VC\u00d6 an Verschrottungspr\u00e4mie<\/a> (05\/2020)<\/p>\n\n\n\n<p>Der Standard \u2013 <a rel=\"noreferrer noopener\" href=\"https:\/\/www.derstandard.at\/story\/2000117774409\/global2000-wwf-und-vcoe-kritisieren-verschrottungspraemie-fuer-altautos?ref=rss\" target=\"_blank\">Global 2000, WWF und VC\u00d6 kritisieren Verschrottungspr\u00e4mie f\u00fcr Altautos<\/a> (05\/2020)<\/p>\n\n\n\n<p>Science ORF \u2013 <a rel=\"noreferrer noopener\" href=\"https:\/\/science.orf.at\/stories\/3200620\/\" target=\"_blank\">Forscher kritisieren Schrottpr\u00e4mie <\/a>(04\/2020)<\/p>\n\n\n\n<p>Der Standard \u2013 <a rel=\"noreferrer noopener\" href=\"https:\/\/www.derstandard.at\/story\/2000117077754\/corona-statt-corsa-im-opel-werk-wien\" target=\"_blank\">Corona statt Corsa im Opel-Werk Wien<\/a> (04\/2020)<\/p>\n\n\n\n<p>Taz \u2013 Interview mit Markus Wissen <a rel=\"noreferrer noopener\" href=\"https:\/\/taz.de\/Autoindustrie-in-der-Coronakrise\/!5678787\/\" target=\"_blank\">Autoindustrie in der Coronakrise: Ungewisser Ausgang<\/a> (04\/2020)<\/p>\n\n\n\n<p>Science ORF \u2013 <a rel=\"noreferrer noopener\" href=\"https:\/\/science.orf.at\/v2\/stories\/2991479\/\" target=\"_blank\">Politik sch\u00fctzt lieber eigenes Klientel als Klima<\/a> (09\/2019)<\/p>\n\n\n\n<h2>Presentation Videos<\/h2>\n\n\n\n<p><strong>Between conversion and automobile consensus<\/strong> <\/p>\n\n\n\n<p>Session on the Con-Labour Projekt at the Degrowth Conference (06\/2020)<\/p>\n\n\n<figure class=\"wp-block-embed-youtube wp-block-embed is-type-video is-provider-youtube wp-embed-aspect-16-9 wp-has-aspect-ratio\"><div class=\"lyte-wrapper\" style=\"width:1280px;max-width:100%;margin:5px auto;\"><div class=\"lyMe\" id=\"WYL_A1Qvz7Lpdr8\"><div id=\"lyte_A1Qvz7Lpdr8\" data-src=\"https:\/\/con-labour.at\/wp-content\/plugins\/wp-youtube-lyte\/lyteCache.php?origThumbUrl=%2F%2Fi.ytimg.com%2Fvi%2FA1Qvz7Lpdr8%2Fhqdefault.jpg\" class=\"pL\"><div class=\"tC\"><div class=\"tT\"><\/div><\/div><div class=\"play\"><\/div><div class=\"ctrl\"><div class=\"Lctrl\"><\/div><div class=\"Rctrl\"><\/div><\/div><\/div><noscript><a href=\"https:\/\/youtu.be\/A1Qvz7Lpdr8\" rel=\"nofollow\"><img src=\"https:\/\/con-labour.at\/wp-content\/plugins\/wp-youtube-lyte\/lyteCache.php?origThumbUrl=https%3A%2F%2Fi.ytimg.com%2Fvi%2FA1Qvz7Lpdr8%2F0.jpg\" alt=\"YouTube video thumbnail\" width=\"1280\" height=\"700\" \/><br \/>Watch this video on YouTube<\/a><\/noscript><\/div><\/div><div class=\"lL\" style=\"max-width:100%;width:1280px;margin:5px auto;\"><br\/><span class=\"lyte_disclaimer\">Ein Klick auf das Video baut eine Verbindung zu YouTube auf. Siehe unsere Datenschutzerkl\u00e4rung.<\/span><\/div><figcaption><\/figcaption><\/figure>\n\n\n<p><strong>Strategies for the Transformation of Work <\/strong><\/p>\n\n\n\n<p>Panel at the Degrowth Conference moderated by Melanie Pichler (06\/2020)<\/p>\n\n\n<figure class=\"wp-block-embed-youtube wp-block-embed is-type-video is-provider-youtube wp-embed-aspect-16-9 wp-has-aspect-ratio\"><div class=\"lyte-wrapper\" style=\"width:1280px;max-width:100%;margin:5px auto;\"><div class=\"lyMe\" id=\"WYL_OSl4FNLk_3c\"><div id=\"lyte_OSl4FNLk_3c\" data-src=\"https:\/\/con-labour.at\/wp-content\/plugins\/wp-youtube-lyte\/lyteCache.php?origThumbUrl=%2F%2Fi.ytimg.com%2Fvi%2FOSl4FNLk_3c%2Fhqdefault.jpg\" class=\"pL\"><div class=\"tC\"><div class=\"tT\"><\/div><\/div><div class=\"play\"><\/div><div class=\"ctrl\"><div class=\"Lctrl\"><\/div><div class=\"Rctrl\"><\/div><\/div><\/div><noscript><a href=\"https:\/\/youtu.be\/OSl4FNLk_3c\" rel=\"nofollow\"><img src=\"https:\/\/con-labour.at\/wp-content\/plugins\/wp-youtube-lyte\/lyteCache.php?origThumbUrl=https%3A%2F%2Fi.ytimg.com%2Fvi%2FOSl4FNLk_3c%2F0.jpg\" alt=\"YouTube video thumbnail\" width=\"1280\" height=\"700\" \/><br \/>Watch this video on YouTube<\/a><\/noscript><\/div><\/div><div class=\"lL\" style=\"max-width:100%;width:1280px;margin:5px auto;\"><br\/><span class=\"lyte_disclaimer\">Ein Klick auf das Video baut eine Verbindung zu YouTube auf. Siehe unsere Datenschutzerkl\u00e4rung.<\/span><\/div><figcaption><\/figcaption><\/figure>\n\n\n<p><strong><strong>On the role of workers in the transformation of the Austrian automotive industry<\/strong><\/strong><\/p>\n\n\n\n<p>Video Presentation at IST Conference Vienna (08\/2020)<\/p>\n\n\n\n<figure class=\"wp-block-video\"><video controls src=\"https:\/\/con-labour.at\/wp-content\/uploads\/2020\/12\/IST_112_Krenmayr.mp4\"><\/video><\/figure>\n\n\n\n<p>  <\/p>\n","protected":false},"excerpt":{"rendered":"<p>Scientific Publications Brand, Ulrich (2019). In der Wachstumsfalle: Die Gewerkschaften und der Klimawandel. In: Bl\u00e4tter f\u00fcr deutsche und internationale Politik, no. 7, pp. 79\u201388. Brand, Ulrich \/ Pichler, Melanie \/ Maneka, Danyal \/ H\u00f6gelsberger, Heinz \/ Krenmayr, Nora \/ Schicketanz, Enrico \/ Wissen, Markus (2020). Social-Ecological Transformation: Industrial Conversion and the Role of Labour \u2013 [&hellip;]<\/p>\n","protected":false},"author":2,"featured_media":0,"parent":2,"menu_order":2,"comment_status":"closed","ping_status":"closed","template":"","meta":[],"acf":[],"_links":{"self":[{"href":"https:\/\/con-labour.at\/en\/wp-json\/wp\/v2\/pages\/38"}],"collection":[{"href":"https:\/\/con-labour.at\/en\/wp-json\/wp\/v2\/pages"}],"about":[{"href":"https:\/\/con-labour.at\/en\/wp-json\/wp\/v2\/types\/page"}],"author":[{"embeddable":true,"href":"https:\/\/con-labour.at\/en\/wp-json\/wp\/v2\/users\/2"}],"replies":[{"embeddable":true,"href":"https:\/\/con-labour.at\/en\/wp-json\/wp\/v2\/comments?post=38"}],"version-history":[{"count":180,"href":"https:\/\/con-labour.at\/en\/wp-json\/wp\/v2\/pages\/38\/revisions"}],"predecessor-version":[{"id":568,"href":"https:\/\/con-labour.at\/en\/wp-json\/wp\/v2\/pages\/38\/revisions\/568"}],"up":[{"embeddable":true,"href":"https:\/\/con-labour.at\/en\/wp-json\/wp\/v2\/pages\/2"}],"wp:attachment":[{"href":"https:\/\/con-labour.at\/en\/wp-json\/wp\/v2\/media?parent=38"}],"curies":[{"name":"wp","href":"https:\/\/api.w.org\/{rel}","templated":true}]}}