{"id":4,"date":"2020-05-27T23:40:41","date_gmt":"2020-05-27T21:40:41","guid":{"rendered":"https:\/\/con-labour.at\/?page_id=6"},"modified":"2023-01-12T21:09:26","modified_gmt":"2023-01-12T20:09:26","slug":"impressum","status":"publish","type":"page","link":"https:\/\/con-labour.at\/en\/impressum\/","title":{"rendered":"Impressum"},"content":{"rendered":"\n<h2>Inhaltliche Administration<\/h2>\n\n\n\n<p>Universit\u00e4t Wien<br>Institut f\u00fcr Politikwissenschaft<br>Fachbereich Internationale Politik<br>Universit\u00e4tsstra\u00dfe 7<br>AT-1010 Wien<\/p>\n\n\n\n<p><strong>Projektleitung:<\/strong><br><a href=\"https:\/\/intpol.univie.ac.at\/team\/ulrich-brand\/\" target=\"_blank\" rel=\"noreferrer noopener\">Univ.-Prof. Dr. Ulrich Brand<\/a><br>E-Mail: ulrich.brand@univie.ac.at<\/p>\n\n\n\n<p><strong>Redaktion der Website: <\/strong><br><a href=\"https:\/\/schicketanz.eu\" target=\"_blank\" rel=\"noreferrer noopener\">Enrico Schicketanz<\/a><br>E-Mail: enrico.schicketanz@univie.ac.at<br><a rel=\"noreferrer noopener\" href=\"https:\/\/boku.ac.at\/personen\/person\/C5D3C532ACA5082E\" target=\"_blank\">Nora Krenmayr<\/a><br>E-Mail: nora.krenmayr@boku.ac.at<\/p>\n\n\n\n<h2>Technische Administration<\/h2>\n\n\n\n<p>Universit\u00e4t Wien<br>Zentraler Informatikdienst<br>Universit\u00e4tsstra\u00dfe 7<br>AT-1010 Wien<\/p>\n\n\n\n<p><strong>Leiter (zugl. Domaininhaber):<\/strong><br><a rel=\"noreferrer noopener\" href=\"https:\/\/ufind.univie.ac.at\/de\/person.html?id=41470\" target=\"_blank\">Dipl.-Ing. (FH) Ulf Busch<\/a><br>Telefon: 0043-1-4277-14010<br>E-Mail: domain-admin@univie.ac.at<\/p>\n\n\n\n<h2>Credits<\/h2>\n\n\n\n<p><strong>Grafikdesign (inkl. Bildlizenzen):<\/strong><br>J\u00f6rg Grubm\u00fcller<\/p>\n\n\n\n<h2>Urheberrecht<\/h2>\n\n\n\n<p>Alle Inhalte dieser Website (Texte, Grafiken, Medien) unterliegen dem \u00f6sterreichischen Urheberrecht.<\/p>\n\n\n\n<h2>Haftungsausschluss<\/h2>\n\n\n\n<p>S\u00e4mtliche Texte und Materialien auf dieser Website wurden sorgf\u00e4ltig erstellt und gepr\u00fcft. Trotzdem kann f\u00fcr die Richtigkeit, Vollst\u00e4ndigkeit und Aktualit\u00e4t der Angaben keinerlei Garantie \u00fcbernommen werden. Eine Haftung des Projektteams und der Universit\u00e4t Wien wird daher ausgeschlossen.<\/p>\n\n\n\n<p>Unsere Website enth\u00e4lt sorgf\u00e4ltig ausgew\u00e4hlte Links zu anderen Websites, insbesondere zu den Ver\u00f6ffentlichungen der Projektmitarbeiter*innen sowie zu Videomaterial, Medienangeboten und Archivseiten Dritter. Da wir auf die Inhalte der Websites Dritter keinen Einfluss haben, \u00fcbernehmen wir insoweit auch keinerlei Haftung f\u00fcr die Verlinkungen. Bei entsprechend begr\u00fcndeten Hinweisen sind wir gerne bereit, Verlinkungen zu entfernen.<\/p>\n\n\n\n<p class=\"has-text-align-right\">Inhaltlicher Stand der Website: Dezember 2020<\/p>\n\n\n\n<p class=\"has-text-align-right\">Letzte redaktionelle \u00dcberarbeitung: Januar 2023<\/p>\n","protected":false},"excerpt":{"rendered":"<p>Inhaltliche Administration Universit\u00e4t WienInstitut f\u00fcr PolitikwissenschaftFachbereich Internationale PolitikUniversit\u00e4tsstra\u00dfe 7AT-1010 Wien Projektleitung:Univ.-Prof. Dr. Ulrich BrandE-Mail: ulrich.brand@univie.ac.at Redaktion der Website: Enrico SchicketanzE-Mail: enrico.schicketanz@univie.ac.atNora KrenmayrE-Mail: nora.krenmayr@boku.ac.at Technische Administration Universit\u00e4t WienZentraler InformatikdienstUniversit\u00e4tsstra\u00dfe 7AT-1010 Wien Leiter (zugl. Domaininhaber):Dipl.-Ing. (FH) Ulf BuschTelefon: 0043-1-4277-14010E-Mail: domain-admin@univie.ac.at Credits Grafikdesign (inkl. Bildlizenzen):J\u00f6rg Grubm\u00fcller Urheberrecht Alle Inhalte dieser Website (Texte, Grafiken, Medien) unterliegen dem \u00f6sterreichischen Urheberrecht. [&hellip;]<\/p>\n","protected":false},"author":1,"featured_media":0,"parent":0,"menu_order":6,"comment_status":"closed","ping_status":"closed","template":"","meta":[],"acf":[],"_links":{"self":[{"href":"https:\/\/con-labour.at\/en\/wp-json\/wp\/v2\/pages\/4"}],"collection":[{"href":"https:\/\/con-labour.at\/en\/wp-json\/wp\/v2\/pages"}],"about":[{"href":"https:\/\/con-labour.at\/en\/wp-json\/wp\/v2\/types\/page"}],"author":[{"embeddable":true,"href":"https:\/\/con-labour.at\/en\/wp-json\/wp\/v2\/users\/1"}],"replies":[{"embeddable":true,"href":"https:\/\/con-labour.at\/en\/wp-json\/wp\/v2\/comments?post=4"}],"version-history":[{"count":15,"href":"https:\/\/con-labour.at\/en\/wp-json\/wp\/v2\/pages\/4\/revisions"}],"predecessor-version":[{"id":553,"href":"https:\/\/con-labour.at\/en\/wp-json\/wp\/v2\/pages\/4\/revisions\/553"}],"wp:attachment":[{"href":"https:\/\/con-labour.at\/en\/wp-json\/wp\/v2\/media?parent=4"}],"curies":[{"name":"wp","href":"https:\/\/api.w.org\/{rel}","templated":true}]}}